{"id":140,"date":"2021-01-15T17:33:47","date_gmt":"2021-01-15T17:33:47","guid":{"rendered":"http:\/\/sternenkinder-nordendorf.de\/?page_id=140"},"modified":"2025-08-13T18:32:03","modified_gmt":"2025-08-13T18:32:03","slug":"unser-gedenkstern","status":"publish","type":"page","link":"https:\/\/sternenkinder-nordendorf.de\/?page_id=140","title":{"rendered":"Unser Gedenkstein"},"content":{"rendered":"\n<p>Wir haben in Nordendorf eine Gedenkst\u00e4tte f\u00fcr die Sternenkinder bekommen. Dar\u00fcber haben wir uns sehr gefreut. Vielen Dank an die Gemeinde Nordendorf!<\/p>\n\n\n\n<p>Bei unserem letzten Sternenkindergottesdienst am 27.11.20 wurde der Gedenkstein eingeweiht.<\/p>\n\n\n\n<p> Vielen Dank an Pater Norman! <\/p>\n\n\n\n<figure class=\"wp-block-image size-large\"><img loading=\"lazy\" decoding=\"async\" width=\"1024\" height=\"485\" src=\"http:\/\/sternenkinder-nordendorf.de\/wp-content\/uploads\/2021\/01\/image-5-1024x485.png\" alt=\"\" class=\"wp-image-159\" srcset=\"https:\/\/sternenkinder-nordendorf.de\/wp-content\/uploads\/2021\/01\/image-5-1024x485.png 1024w, https:\/\/sternenkinder-nordendorf.de\/wp-content\/uploads\/2021\/01\/image-5-300x142.png 300w, https:\/\/sternenkinder-nordendorf.de\/wp-content\/uploads\/2021\/01\/image-5-768x364.png 768w, https:\/\/sternenkinder-nordendorf.de\/wp-content\/uploads\/2021\/01\/image-5.png 1496w\" sizes=\"auto, (max-width: 1024px) 100vw, 1024px\" \/><\/figure>\n\n\n\n<figure class=\"wp-block-image size-large is-style-rounded\"><img loading=\"lazy\" decoding=\"async\" width=\"1024\" height=\"485\" src=\"http:\/\/sternenkinder-nordendorf.de\/wp-content\/uploads\/2021\/01\/image-6-1024x485.png\" alt=\"\" class=\"wp-image-160\" srcset=\"https:\/\/sternenkinder-nordendorf.de\/wp-content\/uploads\/2021\/01\/image-6-1024x485.png 1024w, https:\/\/sternenkinder-nordendorf.de\/wp-content\/uploads\/2021\/01\/image-6-300x142.png 300w, https:\/\/sternenkinder-nordendorf.de\/wp-content\/uploads\/2021\/01\/image-6-768x364.png 768w, https:\/\/sternenkinder-nordendorf.de\/wp-content\/uploads\/2021\/01\/image-6.png 1511w\" sizes=\"auto, (max-width: 1024px) 100vw, 1024px\" \/><\/figure>\n\n\n\n<figure class=\"wp-block-image size-large\"><img loading=\"lazy\" decoding=\"async\" width=\"484\" height=\"1024\" src=\"http:\/\/sternenkinder-nordendorf.de\/wp-content\/uploads\/2021\/01\/image-7-484x1024.png\" alt=\"\" class=\"wp-image-161\" srcset=\"https:\/\/sternenkinder-nordendorf.de\/wp-content\/uploads\/2021\/01\/image-7-484x1024.png 484w, https:\/\/sternenkinder-nordendorf.de\/wp-content\/uploads\/2021\/01\/image-7-142x300.png 142w, https:\/\/sternenkinder-nordendorf.de\/wp-content\/uploads\/2021\/01\/image-7-768x1623.png 768w, https:\/\/sternenkinder-nordendorf.de\/wp-content\/uploads\/2021\/01\/image-7-727x1536.png 727w, https:\/\/sternenkinder-nordendorf.de\/wp-content\/uploads\/2021\/01\/image-7.png 819w\" sizes=\"auto, (max-width: 484px) 100vw, 484px\" \/><\/figure>\n\n\n\n<figure class=\"wp-block-image\"><img decoding=\"async\" src=\"http:\/\/sternenkinder-nordendorf.de\/wp-content\/uploads\/2016\/04\/Sternenkind.gif\" alt=\"\"\/><\/figure>\n","protected":false},"excerpt":{"rendered":"<p>Wir haben in Nordendorf eine Gedenkst\u00e4tte f\u00fcr die Sternenkinder bekommen. Dar\u00fcber haben wir uns sehr gefreut. Vielen Dank an die Gemeinde Nordendorf! Bei unserem letzten Sternenkindergottesdienst am 27.11.20 wurde der Gedenkstein eingeweiht. Vielen Dank an Pater Norman!<\/p>\n","protected":false},"author":1,"featured_media":0,"parent":0,"menu_order":0,"comment_status":"closed","ping_status":"closed","template":"","meta":{"footnotes":""},"class_list":["post-140","page","type-page","status-publish","hentry"],"_links":{"self":[{"href":"https:\/\/sternenkinder-nordendorf.de\/index.php?rest_route=\/wp\/v2\/pages\/140","targetHints":{"allow":["GET"]}}],"collection":[{"href":"https:\/\/sternenkinder-nordendorf.de\/index.php?rest_route=\/wp\/v2\/pages"}],"about":[{"href":"https:\/\/sternenkinder-nordendorf.de\/index.php?rest_route=\/wp\/v2\/types\/page"}],"author":[{"embeddable":true,"href":"https:\/\/sternenkinder-nordendorf.de\/index.php?rest_route=\/wp\/v2\/users\/1"}],"replies":[{"embeddable":true,"href":"https:\/\/sternenkinder-nordendorf.de\/index.php?rest_route=%2Fwp%2Fv2%2Fcomments&post=140"}],"version-history":[{"count":4,"href":"https:\/\/sternenkinder-nordendorf.de\/index.php?rest_route=\/wp\/v2\/pages\/140\/revisions"}],"predecessor-version":[{"id":199,"href":"https:\/\/sternenkinder-nordendorf.de\/index.php?rest_route=\/wp\/v2\/pages\/140\/revisions\/199"}],"wp:attachment":[{"href":"https:\/\/sternenkinder-nordendorf.de\/index.php?rest_route=%2Fwp%2Fv2%2Fmedia&parent=140"}],"curies":[{"name":"wp","href":"https:\/\/api.w.org\/{rel}","templated":true}]}}