{"id":45,"date":"2016-04-04T17:55:12","date_gmt":"2016-04-04T17:55:12","guid":{"rendered":"http:\/\/sternenkinder-nordendorf.de\/?page_id=45"},"modified":"2026-01-11T09:22:57","modified_gmt":"2026-01-11T09:22:57","slug":"treffentermine","status":"publish","type":"page","link":"https:\/\/sternenkinder-nordendorf.de\/?page_id=45","title":{"rendered":"Treffen\/Termine"},"content":{"rendered":"<p><span style=\"font-size: revert;\">Liebe Sternenkindereltern- und verwandte,<\/span><\/p>\n<p>ein Kind durch Fr\u00fch-, Fehl- oder Todgeburt zu verlieren ist ein schrecklicher Schicksalsschlag, der das Leben f\u00fcr immer ver\u00e4ndert. Diesen Schmerz kann einem keiner abnehmen und dennoch ist es wichtig, verst\u00e4ndnisvolle Ansprechpartner und Zuh\u00f6rer zu haben. Um Betroffenen die M\u00f6glichkeit zu bieten, sich mit Gleichgesinnten auszutauschen, findet einmal im Monat ein Treffen der Selbsthilfegruppe &#8220;Sternenkinder&#8221; statt. Hierzu sind alle herzlich eingeladen, die in irgendeiner Weise von diesem Thema betroffen sind.<\/p>\n<p style=\"padding-left: 40px;\">Wir treffen uns an den folgenden Terminen um<\/p>\n<p style=\"padding-left: 40px;\"><strong>19:00 Uhr <\/strong><\/p>\n<p style=\"padding-left: 40px;\">in\u00a0der<\/p>\n<p style=\"padding-left: 40px;\"><strong>Gastst\u00e4tte &#8220;Neue Post&#8221;,<\/strong><\/p>\n<p style=\"padding-left: 40px;\">Hauptstra\u00dfe 31\u00a0 in 86405 Meitingen.<\/p>\n<h2>\u00a0<\/h2>\n<h1>Unsere Treffen 2026<\/h1>\n<ul>\n<li>13.01.2026<\/li>\n<li>10.02.2026<\/li>\n<li>10.03.2026<\/li>\n<li>14.04.2026<\/li>\n<li>12.05.2026<\/li>\n<li>09.06.2026<\/li>\n<li>07.07.2026<\/li>\n<li>04.08.2026<\/li>\n<li>15.09.2026<\/li>\n<li>13.10.2026<\/li>\n<li>10.11.2026<\/li>\n<li>08.12.2026<\/li>\n<\/ul>\n<h2><img decoding=\"async\" src=\"http:\/\/sternenkinder-nordendorf.de\/wp-content\/uploads\/2016\/04\/Sternenkind.gif\" \/><\/h2>\n\n\n<p><\/p>\n","protected":false},"excerpt":{"rendered":"<p>Liebe Sternenkindereltern- und verwandte, ein Kind durch Fr\u00fch-, Fehl- oder Todgeburt zu verlieren ist ein schrecklicher Schicksalsschlag, der das Leben f\u00fcr immer ver\u00e4ndert. Diesen Schmerz kann einem keiner abnehmen und dennoch ist es wichtig, verst\u00e4ndnisvolle Ansprechpartner und Zuh\u00f6rer zu haben. Um Betroffenen die M\u00f6glichkeit zu bieten, sich mit Gleichgesinnten auszutauschen, findet einmal im Monat ein &hellip; <a href=\"https:\/\/sternenkinder-nordendorf.de\/?page_id=45\" class=\"more-link\"><span class=\"screen-reader-text\">Treffen\/Termine<\/span> weiterlesen <span class=\"meta-nav\">&rarr;<\/span><\/a><\/p>\n","protected":false},"author":1,"featured_media":4,"parent":0,"menu_order":0,"comment_status":"closed","ping_status":"closed","template":"","meta":{"footnotes":""},"class_list":["post-45","page","type-page","status-publish","has-post-thumbnail","hentry"],"_links":{"self":[{"href":"https:\/\/sternenkinder-nordendorf.de\/index.php?rest_route=\/wp\/v2\/pages\/45","targetHints":{"allow":["GET"]}}],"collection":[{"href":"https:\/\/sternenkinder-nordendorf.de\/index.php?rest_route=\/wp\/v2\/pages"}],"about":[{"href":"https:\/\/sternenkinder-nordendorf.de\/index.php?rest_route=\/wp\/v2\/types\/page"}],"author":[{"embeddable":true,"href":"https:\/\/sternenkinder-nordendorf.de\/index.php?rest_route=\/wp\/v2\/users\/1"}],"replies":[{"embeddable":true,"href":"https:\/\/sternenkinder-nordendorf.de\/index.php?rest_route=%2Fwp%2Fv2%2Fcomments&post=45"}],"version-history":[{"count":31,"href":"https:\/\/sternenkinder-nordendorf.de\/index.php?rest_route=\/wp\/v2\/pages\/45\/revisions"}],"predecessor-version":[{"id":307,"href":"https:\/\/sternenkinder-nordendorf.de\/index.php?rest_route=\/wp\/v2\/pages\/45\/revisions\/307"}],"wp:featuredmedia":[{"embeddable":true,"href":"https:\/\/sternenkinder-nordendorf.de\/index.php?rest_route=\/wp\/v2\/media\/4"}],"wp:attachment":[{"href":"https:\/\/sternenkinder-nordendorf.de\/index.php?rest_route=%2Fwp%2Fv2%2Fmedia&parent=45"}],"curies":[{"name":"wp","href":"https:\/\/api.w.org\/{rel}","templated":true}]}}